{"id":2992,"date":"2024-01-18T16:52:53","date_gmt":"2024-01-18T19:52:53","guid":{"rendered":"https:\/\/caferoyal.site\/?page_id=2992"},"modified":"2024-04-08T18:13:39","modified_gmt":"2024-04-08T21:13:39","slug":"nossosangue","status":"publish","type":"page","link":"https:\/\/blood.ag\/en\/nossosangue\/","title":{"rendered":"OUR BLOOD"},"content":{"rendered":"<div data-elementor-type=\"wp-page\" data-elementor-id=\"2992\" class=\"elementor elementor-2992\">\n\t\t\t\t<div class=\"elementor-element elementor-element-adc8c0e e-flex e-con-boxed e-con e-parent\" data-id=\"adc8c0e\" data-element_type=\"container\" data-settings=\"{&quot;background_background&quot;:&quot;classic&quot;}\">\n\t\t\t\t\t<div class=\"e-con-inner\">\n\t\t<div class=\"elementor-element elementor-element-58c5ed3 e-flex e-con-boxed e-con e-child\" data-id=\"58c5ed3\" data-element_type=\"container\" data-settings=\"{&quot;background_background&quot;:&quot;classic&quot;}\">\n\t\t\t\t\t<div class=\"e-con-inner\">\n\t\t\t\t<div class=\"elementor-element elementor-element-9eef7f5 elementor-hidden-desktop elementor-widget elementor-widget-image\" data-id=\"9eef7f5\" data-element_type=\"widget\" data-widget_type=\"image.default\">\n\t\t\t\t<div class=\"elementor-widget-container\">\n\t\t\t<style>\/*! elementor - v3.21.0 - 20-05-2024 *\/\n.elementor-widget-image{text-align:center}.elementor-widget-image a{display:inline-block}.elementor-widget-image a img[src$=\".svg\"]{width:48px}.elementor-widget-image img{vertical-align:middle;display:inline-block}<\/style>\t\t\t\t\t\t\t\t\t\t<img fetchpriority=\"high\" decoding=\"async\" width=\"1024\" height=\"576\" src=\"https:\/\/blood.ag\/wp-content\/uploads\/2024\/04\/wallpaper2_com_texto-1024x576.png\" class=\"attachment-large size-large wp-image-3277\" alt=\"\" srcset=\"https:\/\/blood.ag\/wp-content\/uploads\/2024\/04\/wallpaper2_com_texto-1024x576.png 1024w, https:\/\/blood.ag\/wp-content\/uploads\/2024\/04\/wallpaper2_com_texto-300x169.png 300w, https:\/\/blood.ag\/wp-content\/uploads\/2024\/04\/wallpaper2_com_texto-768x432.png 768w, https:\/\/blood.ag\/wp-content\/uploads\/2024\/04\/wallpaper2_com_texto-1536x864.png 1536w, https:\/\/blood.ag\/wp-content\/uploads\/2024\/04\/wallpaper2_com_texto.png 1920w\" sizes=\"(max-width: 1024px) 100vw, 1024px\" \/>\t\t\t\t\t\t\t\t\t\t\t\t\t<\/div>\n\t\t\t\t<\/div>\n\t\t\t\t\t<\/div>\n\t\t\t\t<\/div>\n\t\t\t\t\t<\/div>\n\t\t\t\t<\/div>\n\t\t<div class=\"elementor-element elementor-element-88415bb e-flex e-con-boxed e-con e-parent\" data-id=\"88415bb\" data-element_type=\"container\" data-settings=\"{&quot;background_background&quot;:&quot;classic&quot;}\">\n\t\t\t\t\t<div class=\"e-con-inner\">\n\t\t\t\t<div class=\"elementor-element elementor-element-214a7f6 elementor-widget elementor-widget-text-editor\" data-id=\"214a7f6\" data-element_type=\"widget\" data-widget_type=\"text-editor.default\">\n\t\t\t\t<div class=\"elementor-widget-container\">\n\t\t\t<style>\/*! elementor - v3.21.0 - 20-05-2024 *\/\n.elementor-widget-text-editor.elementor-drop-cap-view-stacked .elementor-drop-cap{background-color:#69727d;color:#fff}.elementor-widget-text-editor.elementor-drop-cap-view-framed .elementor-drop-cap{color:#69727d;border:3px solid;background-color:transparent}.elementor-widget-text-editor:not(.elementor-drop-cap-view-default) .elementor-drop-cap{margin-top:8px}.elementor-widget-text-editor:not(.elementor-drop-cap-view-default) .elementor-drop-cap-letter{width:1em;height:1em}.elementor-widget-text-editor .elementor-drop-cap{float:left;text-align:center;line-height:1;font-size:50px}.elementor-widget-text-editor .elementor-drop-cap-letter{display:inline-block}<\/style>\t\t\t\t<p class=\"p1\">More than events, we provide content intelligence and exchanges of experiences between influential brands and people who generate a positive impact in their communities.<\/p><p class=\"p1\">We create platforms so you can tell where you came from and what transformation you want to leave for the world.<\/p><p class=\"p1\">Some call this branded content or brand experience. For us, it is something that goes beyond.<\/p><p class=\"p1\">We call it <strong>Non-Stop Experience<\/strong>.<\/p><p class=\"p1\">Conventions, Fairs, Summits, Parties, Awards, Launches, Training, Travel, Streaming, live, online or in person. Anywhere in the world. For a diversity of brands.<\/p>\t\t\t\t\t\t<\/div>\n\t\t\t\t<\/div>\n\t\t<div class=\"elementor-element elementor-element-c5ddb6c e-flex e-con-boxed e-con e-child\" data-id=\"c5ddb6c\" data-element_type=\"container\">\n\t\t\t\t\t<div class=\"e-con-inner\">\n\t\t\t\t<div class=\"elementor-element elementor-element-bb28c01 elementor-widget elementor-widget-image\" data-id=\"bb28c01\" data-element_type=\"widget\" data-widget_type=\"image.default\">\n\t\t\t\t<div class=\"elementor-widget-container\">\n\t\t\t\t\t\t\t\t\t\t\t\t\t<img decoding=\"async\" width=\"1920\" height=\"1080\" src=\"https:\/\/blood.ag\/wp-content\/uploads\/2024\/04\/mapa.png\" class=\"attachment-full size-full wp-image-3379\" alt=\"\" srcset=\"https:\/\/blood.ag\/wp-content\/uploads\/2024\/04\/mapa.png 1920w, https:\/\/blood.ag\/wp-content\/uploads\/2024\/04\/mapa-300x169.png 300w, https:\/\/blood.ag\/wp-content\/uploads\/2024\/04\/mapa-1024x576.png 1024w, https:\/\/blood.ag\/wp-content\/uploads\/2024\/04\/mapa-768x432.png 768w, https:\/\/blood.ag\/wp-content\/uploads\/2024\/04\/mapa-1536x864.png 1536w\" sizes=\"(max-width: 1920px) 100vw, 1920px\" \/>\t\t\t\t\t\t\t\t\t\t\t\t\t<\/div>\n\t\t\t\t<\/div>\n\t\t\t\t\t<\/div>\n\t\t\t\t<\/div>\n\t\t<div class=\"elementor-element elementor-element-b8bc963 e-flex e-con-boxed e-con e-child\" data-id=\"b8bc963\" data-element_type=\"container\">\n\t\t\t\t\t<div class=\"e-con-inner\">\n\t\t<div class=\"elementor-element elementor-element-0092836 e-flex e-con-boxed e-con e-child\" data-id=\"0092836\" data-element_type=\"container\">\n\t\t\t\t\t<div class=\"e-con-inner\">\n\t\t\t\t<div class=\"elementor-element elementor-element-6aec1d2 elementor-widget elementor-widget-image\" data-id=\"6aec1d2\" data-element_type=\"widget\" data-widget_type=\"image.default\">\n\t\t\t\t<div class=\"elementor-widget-container\">\n\t\t\t\t\t\t\t\t\t\t\t\t\t<img decoding=\"async\" width=\"300\" height=\"150\" src=\"https:\/\/blood.ag\/wp-content\/uploads\/2024\/04\/selo2-300x150.png\" class=\"attachment-medium size-medium wp-image-3273\" alt=\"\" srcset=\"https:\/\/blood.ag\/wp-content\/uploads\/2024\/04\/selo2-300x150.png 300w, https:\/\/blood.ag\/wp-content\/uploads\/2024\/04\/selo2-768x384.png 768w, https:\/\/blood.ag\/wp-content\/uploads\/2024\/04\/selo2.png 800w\" sizes=\"(max-width: 300px) 100vw, 300px\" \/>\t\t\t\t\t\t\t\t\t\t\t\t\t<\/div>\n\t\t\t\t<\/div>\n\t\t\t\t\t<\/div>\n\t\t\t\t<\/div>\n\t\t<div class=\"elementor-element elementor-element-1c79131 e-flex e-con-boxed e-con e-child\" data-id=\"1c79131\" data-element_type=\"container\">\n\t\t\t\t\t<div class=\"e-con-inner\">\n\t\t\t\t<div class=\"elementor-element elementor-element-927d5b9 elementor-widget elementor-widget-image\" data-id=\"927d5b9\" data-element_type=\"widget\" data-widget_type=\"image.default\">\n\t\t\t\t<div class=\"elementor-widget-container\">\n\t\t\t\t\t\t\t\t\t\t\t\t\t<img loading=\"lazy\" decoding=\"async\" width=\"300\" height=\"150\" src=\"https:\/\/blood.ag\/wp-content\/uploads\/2024\/04\/selo-1-300x150.png\" class=\"attachment-medium size-medium wp-image-3272\" alt=\"\" srcset=\"https:\/\/blood.ag\/wp-content\/uploads\/2024\/04\/selo-1-300x150.png 300w, https:\/\/blood.ag\/wp-content\/uploads\/2024\/04\/selo-1-768x384.png 768w, https:\/\/blood.ag\/wp-content\/uploads\/2024\/04\/selo-1.png 800w\" sizes=\"(max-width: 300px) 100vw, 300px\" \/>\t\t\t\t\t\t\t\t\t\t\t\t\t<\/div>\n\t\t\t\t<\/div>\n\t\t\t\t\t<\/div>\n\t\t\t\t<\/div>\n\t\t\t\t\t<\/div>\n\t\t\t\t<\/div>\n\t\t\t\t\t<\/div>\n\t\t\t\t<\/div>\n\t\t\t\t<\/div>","protected":false},"excerpt":{"rendered":"<p>Mais que eventos, proporcionamos intelig\u00eancia de conte\u00fado e trocas de experi\u00eancias entre marcas influenciadoras e pessoas que geram impacto positivo [&hellip;]<\/p>","protected":false},"author":1,"featured_media":0,"parent":0,"menu_order":0,"comment_status":"closed","ping_status":"closed","template":"","meta":{"site-sidebar-layout":"no-sidebar","site-content-layout":"page-builder","ast-site-content-layout":"","site-content-style":"default","site-sidebar-style":"default","ast-global-header-display":"","ast-banner-title-visibility":"","ast-main-header-display":"","ast-hfb-above-header-display":"","ast-hfb-below-header-display":"","ast-hfb-mobile-header-display":"","site-post-title":"disabled","ast-breadcrumbs-content":"","ast-featured-img":"disabled","footer-sml-layout":"","theme-transparent-header-meta":"","adv-header-id-meta":"","stick-header-meta":"","header-above-stick-meta":"","header-main-stick-meta":"","header-below-stick-meta":"","astra-migrate-meta-layouts":"default","ast-page-background-enabled":"default","ast-page-background-meta":{"desktop":{"background-color":"var(--ast-global-color-4)","background-image":"","background-repeat":"repeat","background-position":"center center","background-size":"auto","background-attachment":"scroll","background-type":"","background-media":"","overlay-type":"","overlay-color":"","overlay-gradient":""},"tablet":{"background-color":"","background-image":"","background-repeat":"repeat","background-position":"center center","background-size":"auto","background-attachment":"scroll","background-type":"","background-media":"","overlay-type":"","overlay-color":"","overlay-gradient":""},"mobile":{"background-color":"","background-image":"","background-repeat":"repeat","background-position":"center center","background-size":"auto","background-attachment":"scroll","background-type":"","background-media":"","overlay-type":"","overlay-color":"","overlay-gradient":""}},"ast-content-background-meta":{"desktop":{"background-color":"var(--ast-global-color-5)","background-image":"","background-repeat":"repeat","background-position":"center center","background-size":"auto","background-attachment":"scroll","background-type":"","background-media":"","overlay-type":"","overlay-color":"","overlay-gradient":""},"tablet":{"background-color":"var(--ast-global-color-5)","background-image":"","background-repeat":"repeat","background-position":"center center","background-size":"auto","background-attachment":"scroll","background-type":"","background-media":"","overlay-type":"","overlay-color":"","overlay-gradient":""},"mobile":{"background-color":"var(--ast-global-color-5)","background-image":"","background-repeat":"repeat","background-position":"center center","background-size":"auto","background-attachment":"scroll","background-type":"","background-media":"","overlay-type":"","overlay-color":"","overlay-gradient":""}},"footnotes":""},"_links":{"self":[{"href":"https:\/\/blood.ag\/en\/wp-json\/wp\/v2\/pages\/2992"}],"collection":[{"href":"https:\/\/blood.ag\/en\/wp-json\/wp\/v2\/pages"}],"about":[{"href":"https:\/\/blood.ag\/en\/wp-json\/wp\/v2\/types\/page"}],"author":[{"embeddable":true,"href":"https:\/\/blood.ag\/en\/wp-json\/wp\/v2\/users\/1"}],"replies":[{"embeddable":true,"href":"https:\/\/blood.ag\/en\/wp-json\/wp\/v2\/comments?post=2992"}],"version-history":[{"count":33,"href":"https:\/\/blood.ag\/en\/wp-json\/wp\/v2\/pages\/2992\/revisions"}],"predecessor-version":[{"id":3427,"href":"https:\/\/blood.ag\/en\/wp-json\/wp\/v2\/pages\/2992\/revisions\/3427"}],"wp:attachment":[{"href":"https:\/\/blood.ag\/en\/wp-json\/wp\/v2\/media?parent=2992"}],"curies":[{"name":"wp","href":"https:\/\/api.w.org\/{rel}","templated":true}]}}